{"id":21,"date":"2020-08-17T18:57:30","date_gmt":"2020-08-17T16:57:30","guid":{"rendered":"https:\/\/www.danielesciarotta.it\/?page_id=21"},"modified":"2024-01-29T18:56:37","modified_gmt":"2024-01-29T17:56:37","slug":"caponata-siciliana","status":"publish","type":"page","link":"https:\/\/www.danielesciarotta.it\/ru\/\u043a\u0430\u043f\u043e\u043d\u0430\u0442\u0430-\u0441\u0438\u0446\u0438\u043b\u0438\u0430\u043d\u0441\u043a\u0430\u044f","title":{"rendered":"\u041a\u0430\u043f\u043e\u043d\u0430\u0442\u0430 \u0421\u0438\u0446\u0438\u043b\u0438\u0430\u043d\u0441\u043a\u0430\u044f"},"content":{"rendered":"<p>\u0421\u0438\u0446\u0438\u043b\u0438\u0439\u0441\u043a\u0430\u044f \u043a\u0430\u043f\u043e\u043d\u0430\u0442\u0430 \u2014 \u0442\u0440\u0430\u0434\u0438\u0446\u0438\u043e\u043d\u043d\u043e\u0435 \u0441\u0438\u0446\u0438\u043b\u0438\u0439\u0441\u043a\u043e\u0435 \u0431\u043b\u044e\u0434\u043e \u0438\u0437 \u0431\u0430\u043a\u043b\u0430\u0436\u0430\u043d\u043e\u0432, \u043e\u0447\u0435\u043d\u044c \u043f\u043e\u043f\u0443\u043b\u044f\u0440\u043d\u043e\u0435 \u0432 \u0438\u0442\u0430\u043b\u044c\u044f\u043d\u0441\u043a\u043e\u0439 \u043a\u0443\u0445\u043d\u0435. \u042d\u0442\u043e \u043f\u0438\u043a\u0430\u043d\u0442\u043d\u043e\u0435 \u0438 \u0441\u043b\u0430\u0434\u043a\u043e\u0435 \u043e\u0432\u043e\u0449\u043d\u043e\u0435 \u0440\u0430\u0433\u0443, \u0432 \u0441\u043e\u0441\u0442\u0430\u0432 \u043a\u043e\u0442\u043e\u0440\u043e\u0433\u043e \u043e\u0431\u044b\u0447\u043d\u043e \u0432\u0445\u043e\u0434\u044f\u0442 \u0431\u0430\u043a\u043b\u0430\u0436\u0430\u043d\u044b, \u043f\u043e\u043c\u0438\u0434\u043e\u0440\u044b, \u0441\u0435\u043b\u044c\u0434\u0435\u0440\u0435\u0439, \u043e\u043b\u0438\u0432\u043a\u0438 \u0438 \u043a\u0430\u043f\u0435\u0440\u0441\u044b. \u0411\u043b\u044e\u0434\u043e \u0438\u0437\u0432\u0435\u0441\u0442\u043d\u043e \u0441\u0432\u043e\u0438\u043c \u0431\u043e\u0433\u0430\u0442\u044b\u043c \u0438 \u0441\u043b\u043e\u0436\u043d\u044b\u043c \u0432\u043a\u0443\u0441\u043e\u043c, \u0432 \u043a\u043e\u0442\u043e\u0440\u043e\u043c \u0441\u043b\u0430\u0434\u043e\u0441\u0442\u044c \u043f\u043e\u043c\u0438\u0434\u043e\u0440\u043e\u0432 \u0438 \u0438\u0437\u044e\u043c\u0430 \u0441\u043e\u0447\u0435\u0442\u0430\u0435\u0442\u0441\u044f \u0441 \u043e\u0441\u0442\u0440\u043e\u0442\u043e\u0439 \u0443\u043a\u0441\u0443\u0441\u0430 \u0438 \u0441\u043e\u043b\u0435\u043d\u043e\u0441\u0442\u044c\u044e \u043e\u043b\u0438\u0432\u043e\u043a \u0438 \u043a\u0430\u043f\u0435\u0440\u0441\u043e\u0432.<\/p>\n\n\n\n<figure class=\"wp-block-image size-full\"><img loading=\"lazy\" decoding=\"async\" width=\"861\" height=\"858\" src=\"https:\/\/www.danielesciarotta.it\/wp-content\/uploads\/2024\/01\/caponata_siciliana.png\" alt=\"\u041a\u0430\u043f\u043e\u043d\u0430\u0442\u0430 \u0421\u0438\u0446\u0438\u043b\u0438\u0430\u043d\u0441\u043a\u0430\u044f\" class=\"wp-image-5048\" srcset=\"https:\/\/www.danielesciarotta.it\/wp-content\/uploads\/2024\/01\/caponata_siciliana.png 861w, https:\/\/www.danielesciarotta.it\/wp-content\/uploads\/2024\/01\/caponata_siciliana-300x300.png 300w, https:\/\/www.danielesciarotta.it\/wp-content\/uploads\/2024\/01\/caponata_siciliana-150x150.png 150w, https:\/\/www.danielesciarotta.it\/wp-content\/uploads\/2024\/01\/caponata_siciliana-768x765.png 768w, https:\/\/www.danielesciarotta.it\/wp-content\/uploads\/2024\/01\/caponata_siciliana-12x12.png 12w, https:\/\/www.danielesciarotta.it\/wp-content\/uploads\/2024\/01\/caponata_siciliana-65x65.png 65w, https:\/\/www.danielesciarotta.it\/wp-content\/uploads\/2024\/01\/caponata_siciliana-250x250.png 250w, https:\/\/www.danielesciarotta.it\/wp-content\/uploads\/2024\/01\/caponata_siciliana-345x345.png 345w, https:\/\/www.danielesciarotta.it\/wp-content\/uploads\/2024\/01\/caponata_siciliana-320x320.png 320w, https:\/\/www.danielesciarotta.it\/wp-content\/uploads\/2024\/01\/caponata_siciliana-90x90.png 90w\" sizes=\"auto, (max-width: 861px) 100vw, 861px\" \/><figcaption class=\"wp-element-caption\">\u041a\u0430\u043f\u043e\u043d\u0430\u0442\u0430 \u0421\u0438\u0446\u0438\u043b\u0438\u0430\u043d\u0441\u043a\u0430\u044f<\/figcaption><\/figure>\n\n\n\n<p>\u041a\u0430\u043f\u043e\u043d\u0430\u0442\u0430 \u0421\u0438\u0446\u0438\u043b\u0438\u0430\u043d\u0441\u043a\u0430\u044f:<\/p>\n\n\n\n<p>\u0418\u043d\u0433\u0440\u0435\u0434\u0438\u0435\u043d\u0442\u044b:<\/p>\n\n\n\n<ul class=\"wp-block-list\">\n<li>1 \u0431\u043e\u043b\u044c\u0448\u043e\u0439 \u0431\u0430\u043a\u043b\u0430\u0436\u0430\u043d, \u043d\u0430\u0440\u0435\u0437\u0430\u043d\u043d\u044b\u0439 \u043a\u0443\u0431\u0438\u043a\u0430\u043c\u0438<\/li>\n\n\n\n<li>2 \u0441\u0442\u043e\u043b\u043e\u0432\u044b\u0435 \u043b\u043e\u0436\u043a\u0438 \u0441\u043e\u043b\u0438<\/li>\n\n\n\n<li>1\/2 \u0441\u0442\u0430\u043a\u0430\u043d\u0430 \u043e\u043b\u0438\u0432\u043a\u043e\u0432\u043e\u0433\u043e \u043c\u0430\u0441\u043b\u0430<\/li>\n\n\n\n<li>1 \u043b\u0443\u043a\u043e\u0432\u0438\u0446\u0430, \u043c\u0435\u043b\u043a\u043e \u043d\u0430\u0440\u0435\u0437\u0430\u043d\u043d\u0430\u044f<\/li>\n\n\n\n<li>2 \u043f\u0430\u043b\u043e\u0447\u043a\u0438 \u0441\u0435\u043b\u044c\u0434\u0435\u0440\u0435\u044f, \u043d\u0430\u0440\u0435\u0437\u0430\u043d\u043d\u044b\u0435<\/li>\n\n\n\n<li>1 \u0431\u0430\u043d\u043a\u0430 (14 \u0443\u043d\u0446\u0438\u0439) \u043d\u0430\u0440\u0435\u0437\u0430\u043d\u043d\u044b\u0445 \u043a\u0443\u0431\u0438\u043a\u0430\u043c\u0438 \u043f\u043e\u043c\u0438\u0434\u043e\u0440\u043e\u0432, \u0441\u043b\u0438\u0442\u044c \u0432\u043e\u0434\u0443<\/li>\n\n\n\n<li>1\/3 \u0441\u0442\u0430\u043a\u0430\u043d\u0430 \u0442\u043e\u043c\u0430\u0442\u043d\u043e\u0439 \u043f\u0430\u0441\u0442\u044b<\/li>\n\n\n\n<li>1\/4 \u0441\u0442\u0430\u043a\u0430\u043d\u0430 \u043a\u0440\u0430\u0441\u043d\u043e\u0433\u043e \u0432\u0438\u043d\u043d\u043e\u0433\u043e \u0443\u043a\u0441\u0443\u0441\u0430<\/li>\n\n\n\n<li>2 \u0441\u0442\u043e\u043b\u043e\u0432\u044b\u0435 \u043b\u043e\u0436\u043a\u0438 \u0441\u0430\u0445\u0430\u0440\u0430<\/li>\n\n\n\n<li>1\/4 \u0441\u0442\u0430\u043a\u0430\u043d\u0430 \u043a\u0430\u043f\u0435\u0440\u0441\u043e\u0432, \u043f\u0440\u043e\u043c\u044b\u0442\u044c<\/li>\n\n\n\n<li>1\/2 \u0441\u0442\u0430\u043a\u0430\u043d\u0430 \u0437\u0435\u043b\u0435\u043d\u044b\u0445 \u043e\u043b\u0438\u0432\u043e\u043a, \u043e\u0447\u0438\u0449\u0435\u043d\u043d\u044b\u0445 \u043e\u0442 \u043a\u043e\u0441\u0442\u043e\u0447\u0435\u043a \u0438 \u043d\u0430\u0440\u0435\u0437\u0430\u043d\u043d\u044b\u0445 \u043b\u043e\u043c\u0442\u0438\u043a\u0430\u043c\u0438<\/li>\n\n\n\n<li>2 \u0441\u0442\u043e\u043b\u043e\u0432\u044b\u0435 \u043b\u043e\u0436\u043a\u0438 \u043a\u0435\u0434\u0440\u043e\u0432\u044b\u0445 \u043e\u0440\u0435\u0445\u043e\u0432, \u043f\u043e\u0434\u0436\u0430\u0440\u0435\u043d\u043d\u044b\u0445<\/li>\n\n\n\n<li>2 \u0441\u0442\u043e\u043b\u043e\u0432\u044b\u0435 \u043b\u043e\u0436\u043a\u0438 \u0438\u0437\u044e\u043c\u0430<\/li>\n\n\n\n<li>\u0421\u043e\u043b\u044c \u0438 \u043f\u0435\u0440\u0435\u0446 \u0434\u043b\u044f \u0432\u043a\u0443\u0441\u0430<\/li>\n\n\n\n<li>\u0421\u0432\u0435\u0436\u0438\u0439 \u0431\u0430\u0437\u0438\u043b\u0438\u043a \u0438\u043b\u0438 \u043f\u0435\u0442\u0440\u0443\u0448\u043a\u0430 \u0434\u043b\u044f \u0443\u043a\u0440\u0430\u0448\u0435\u043d\u0438\u044f.<\/li>\n<\/ul>\n\n\n\n<p>\u0418\u043d\u0441\u0442\u0440\u0443\u043a\u0446\u0438\u0438:<\/p>\n\n\n\n<ol class=\"wp-block-list\">\n<li>\u041f\u043e\u043b\u043e\u0436\u0438\u0442\u0435 \u043d\u0430\u0440\u0435\u0437\u0430\u043d\u043d\u044b\u0435 \u043a\u0443\u0431\u0438\u043a\u0430\u043c\u0438 \u0431\u0430\u043a\u043b\u0430\u0436\u0430\u043d\u044b \u0432 \u0434\u0443\u0440\u0448\u043b\u0430\u0433, \u043f\u043e\u0441\u044b\u043f\u044c\u0442\u0435 \u0441\u043e\u043b\u044c\u044e \u0438 \u0434\u0430\u0439\u0442\u0435 \u043f\u043e\u0441\u0442\u043e\u044f\u0442\u044c \u043f\u0440\u0438\u043c\u0435\u0440\u043d\u043e 30 \u043c\u0438\u043d\u0443\u0442. \u042d\u0442\u043e \u043f\u043e\u043c\u043e\u0436\u0435\u0442 \u0443\u0434\u0430\u043b\u0438\u0442\u044c \u0438\u0437 \u0431\u0430\u043a\u043b\u0430\u0436\u0430\u043d\u043e\u0432 \u043b\u0438\u0448\u043d\u044e\u044e \u0432\u043b\u0430\u0433\u0443 \u0438 \u0433\u043e\u0440\u0435\u0447\u044c.<\/li>\n\n\n\n<li>\u0422\u0449\u0430\u0442\u0435\u043b\u044c\u043d\u043e \u043f\u0440\u043e\u043c\u043e\u0439\u0442\u0435 \u0431\u0430\u043a\u043b\u0430\u0436\u0430\u043d\u044b \u0438 \u043f\u0440\u043e\u0441\u0443\u0448\u0438\u0442\u0435 \u0432\u043f\u0438\u0442\u044b\u0432\u0430\u044e\u0449\u0435\u0439 \u0431\u0443\u043c\u0430\u0433\u043e\u0439.<\/li>\n\n\n\n<li>\u0412 \u0431\u043e\u043b\u044c\u0448\u043e\u0439 \u0441\u043a\u043e\u0432\u043e\u0440\u043e\u0434\u0435 \u0438\u043b\u0438 \u0441\u043e\u0442\u0435\u0439\u043d\u0438\u043a\u0435 \u043d\u0430\u0433\u0440\u0435\u0439\u0442\u0435 \u043e\u043b\u0438\u0432\u043a\u043e\u0432\u043e\u0435 \u043c\u0430\u0441\u043b\u043e \u043d\u0430 \u0441\u0440\u0435\u0434\u043d\u0435\u043c \u043e\u0433\u043d\u0435. \u0414\u043e\u0431\u0430\u0432\u044c\u0442\u0435 \u043d\u0430\u0440\u0435\u0437\u0430\u043d\u043d\u044b\u0435 \u043a\u0443\u0431\u0438\u043a\u0430\u043c\u0438 \u0431\u0430\u043a\u043b\u0430\u0436\u0430\u043d\u044b \u0438 \u0433\u043e\u0442\u043e\u0432\u044c\u0442\u0435 \u0434\u043e \u0437\u043e\u043b\u043e\u0442\u0438\u0441\u0442\u043e\u0433\u043e \u0446\u0432\u0435\u0442\u0430 \u0438 \u043c\u044f\u0433\u043a\u043e\u0441\u0442\u0438. \u0414\u043e\u0441\u0442\u0430\u043d\u044c\u0442\u0435 \u0431\u0430\u043a\u043b\u0430\u0436\u0430\u043d\u044b \u0438\u0437 \u043a\u0430\u0441\u0442\u0440\u044e\u043b\u0438 \u0438 \u043e\u0442\u043b\u043e\u0436\u0438\u0442\u0435 \u0432 \u0441\u0442\u043e\u0440\u043e\u043d\u0443.<\/li>\n\n\n\n<li>\u041f\u0440\u0438 \u043d\u0435\u043e\u0431\u0445\u043e\u0434\u0438\u043c\u043e\u0441\u0442\u0438 \u0432 \u0442\u0443 \u0436\u0435 \u0441\u043a\u043e\u0432\u043e\u0440\u043e\u0434\u0443 \u0434\u043e\u0431\u0430\u0432\u044c\u0442\u0435 \u0435\u0449\u0435 \u043e\u043b\u0438\u0432\u043a\u043e\u0432\u043e\u0433\u043e \u043c\u0430\u0441\u043b\u0430. \u041e\u0431\u0436\u0430\u0440\u044c\u0442\u0435 \u043d\u0430\u0440\u0435\u0437\u0430\u043d\u043d\u044b\u0439 \u043b\u0443\u043a \u0438 \u0441\u0435\u043b\u044c\u0434\u0435\u0440\u0435\u0439 \u0434\u043e \u043c\u044f\u0433\u043a\u043e\u0441\u0442\u0438.<\/li>\n\n\n\n<li>\u0414\u043e\u0431\u0430\u0432\u044c\u0442\u0435 \u043d\u0430\u0440\u0435\u0437\u0430\u043d\u043d\u044b\u0435 \u043a\u0443\u0431\u0438\u043a\u0430\u043c\u0438 \u043f\u043e\u043c\u0438\u0434\u043e\u0440\u044b, \u0442\u043e\u043c\u0430\u0442\u043d\u0443\u044e \u043f\u0430\u0441\u0442\u0443, \u043a\u0440\u0430\u0441\u043d\u044b\u0439 \u0432\u0438\u043d\u043d\u044b\u0439 \u0443\u043a\u0441\u0443\u0441 \u0438 \u0441\u0430\u0445\u0430\u0440. \u0412\u0430\u0440\u0438\u0442\u0435 \u043d\u0435\u0441\u043a\u043e\u043b\u044c\u043a\u043e \u043c\u0438\u043d\u0443\u0442, \u043f\u043e\u043a\u0430 \u0441\u043c\u0435\u0441\u044c \u043d\u0435 \u0437\u0430\u0433\u0443\u0441\u0442\u0435\u0435\u0442.<\/li>\n\n\n\n<li>\u0414\u043e\u0431\u0430\u0432\u044c\u0442\u0435 \u043f\u0440\u0438\u0433\u043e\u0442\u043e\u0432\u043b\u0435\u043d\u043d\u044b\u0435 \u0431\u0430\u043a\u043b\u0430\u0436\u0430\u043d\u044b \u043e\u0431\u0440\u0430\u0442\u043d\u043e \u0432 \u043a\u0430\u0441\u0442\u0440\u044e\u043b\u044e \u0432\u043c\u0435\u0441\u0442\u0435 \u0441 \u043a\u0430\u043f\u0435\u0440\u0441\u0430\u043c\u0438, \u043e\u043b\u0438\u0432\u043a\u0430\u043c\u0438, \u043a\u0435\u0434\u0440\u043e\u0432\u044b\u043c\u0438 \u043e\u0440\u0435\u0448\u043a\u0430\u043c\u0438 \u0438 \u0438\u0437\u044e\u043c\u043e\u043c. \u0425\u043e\u0440\u043e\u0448\u043e \u043f\u0435\u0440\u0435\u043c\u0435\u0448\u0430\u0439\u0442\u0435 \u0438 \u0434\u0430\u0439\u0442\u0435 \u0432\u0430\u0440\u0438\u0442\u044c\u0441\u044f \u043e\u043a\u043e\u043b\u043e 10-15 \u043c\u0438\u043d\u0443\u0442, \u0447\u0442\u043e\u0431\u044b \u0430\u0440\u043e\u043c\u0430\u0442\u044b \u0441\u043c\u0435\u0448\u0430\u043b\u0438\u0441\u044c.<\/li>\n\n\n\n<li>\u0414\u043e\u0431\u0430\u0432\u0438\u0442\u044c \u0441\u043e\u043b\u044c \u0438 \u043f\u0435\u0440\u0435\u0446 \u043f\u043e \u0432\u043a\u0443\u0441\u0443. \u0415\u0441\u043b\u0438 \u043a\u0430\u043f\u043e\u043d\u0430\u0442\u0430 \u0441\u043b\u0438\u0448\u043a\u043e\u043c \u043a\u0438\u0441\u043b\u0430\u044f, \u043c\u043e\u0436\u043d\u043e \u0434\u043e\u0431\u0430\u0432\u0438\u0442\u044c \u0435\u0449\u0435 \u043d\u0435\u043c\u043d\u043e\u0433\u043e \u0441\u0430\u0445\u0430\u0440\u0430.<\/li>\n\n\n\n<li>\u041a\u0430\u043a \u0442\u043e\u043b\u044c\u043a\u043e \u043a\u0430\u043f\u043e\u043d\u0430\u0442\u0430 \u0437\u0430\u0433\u0443\u0441\u0442\u0435\u0435\u0442 \u0438 \u0432\u043a\u0443\u0441\u044b \u0441\u043c\u0435\u0448\u0430\u044e\u0442\u0441\u044f, \u0441\u043d\u0438\u043c\u0438\u0442\u0435 \u0435\u0435 \u0441 \u043e\u0433\u043d\u044f \u0438 \u0434\u0430\u0439\u0442\u0435 \u043e\u0441\u0442\u044b\u0442\u044c \u0434\u043e \u043a\u043e\u043c\u043d\u0430\u0442\u043d\u043e\u0439 \u0442\u0435\u043c\u043f\u0435\u0440\u0430\u0442\u0443\u0440\u044b.<\/li>\n\n\n\n<li>\u041f\u043e\u0434\u0430\u0432\u0430\u0439\u0442\u0435 \u0441\u0438\u0446\u0438\u043b\u0438\u0439\u0441\u043a\u0443\u044e \u043a\u0430\u043f\u043e\u043d\u0430\u0442\u0443 \u043a\u043e\u043c\u043d\u0430\u0442\u043d\u043e\u0439 \u0442\u0435\u043c\u043f\u0435\u0440\u0430\u0442\u0443\u0440\u044b, \u0443\u043a\u0440\u0430\u0441\u0438\u0432 \u0441\u0432\u0435\u0436\u0438\u043c \u0431\u0430\u0437\u0438\u043b\u0438\u043a\u043e\u043c \u0438\u043b\u0438 \u043f\u0435\u0442\u0440\u0443\u0448\u043a\u043e\u0439.<\/li>\n<\/ol>\n\n\n\n<hr class=\"wp-block-separator has-alpha-channel-opacity\"\/>\n\n\n\n<p>\u0421\u0438\u0446\u0438\u043b\u0438\u0439\u0441\u043a\u0443\u044e \u043a\u0430\u043f\u043e\u043d\u0430\u0442\u0443 \u0447\u0430\u0441\u0442\u043e \u043f\u043e\u0434\u0430\u044e\u0442 \u0432 \u043a\u0430\u0447\u0435\u0441\u0442\u0432\u0435 \u0437\u0430\u043a\u0443\u0441\u043a\u0438, \u0433\u0430\u0440\u043d\u0438\u0440\u0430 \u0438\u043b\u0438 \u0434\u0430\u0436\u0435 \u0432 \u043a\u0430\u0447\u0435\u0441\u0442\u0432\u0435 \u043d\u0430\u0447\u0438\u043d\u043a\u0438 \u0434\u043b\u044f \u0445\u0440\u0443\u0441\u0442\u044f\u0449\u0435\u0433\u043e \u0445\u043b\u0435\u0431\u0430. \u0415\u0433\u043e \u043c\u043e\u0436\u043d\u043e \u0443\u043f\u043e\u0442\u0440\u0435\u0431\u043b\u044f\u0442\u044c \u0441\u0440\u0430\u0437\u0443 \u0436\u0435, \u043d\u043e \u0438\u0437\u0432\u0435\u0441\u0442\u043d\u043e, \u0447\u0442\u043e \u0435\u0433\u043e \u0432\u043a\u0443\u0441 \u0443\u043b\u0443\u0447\u0448\u0430\u0435\u0442\u0441\u044f, \u0435\u0441\u043b\u0438 \u043e\u0441\u0442\u0430\u0432\u0438\u0442\u044c \u0435\u0433\u043e \u043c\u0430\u0440\u0438\u043d\u043e\u0432\u0430\u0442\u044c\u0441\u044f \u043d\u0430 \u043d\u0435\u0441\u043a\u043e\u043b\u044c\u043a\u043e \u0447\u0430\u0441\u043e\u0432 \u0438\u043b\u0438 \u043d\u0430 \u043d\u043e\u0447\u044c.<\/p>","protected":false},"excerpt":{"rendered":"<p>La Caponata Siciliana \u00e8 un piatto tradizionale siciliano di melanzane molto popolare nella cucina italiana. \u00c8 uno stufato di verdure salato e dolce che tipicamente include melanzane, pomodori, sedano, olive e capperi. Il piatto \u00e8 noto per i suoi sapori ricchi e complessi, che uniscono la dolcezza dei pomodori e dell&#8217;uvetta con la sapidit\u00e0 dell&#8217;aceto [&hellip;]<\/p>","protected":false},"author":1,"featured_media":5048,"parent":0,"menu_order":0,"comment_status":"closed","ping_status":"closed","template":"","meta":{"footnotes":""},"class_list":["post-21","page","type-page","status-publish","has-post-thumbnail","hentry"],"yoast_head":"<!-- This site is optimized with the Yoast SEO Premium plugin v23.5 (Yoast SEO v26.5) - https:\/\/yoast.com\/wordpress\/plugins\/seo\/ -->\n<title>Ricetta Perfetta per Caponata Siciliana: Pietanza Siciliana Incredibile - Daniele Sciarotta<\/title>\n<meta name=\"description\" content=\"Prepara la Caponata Siciliana, un piatto siculo tradizionale molto profumato e saporito. Un mix di sapori dolci e salati che regaleranno aromi deliziosi!\" \/>\n<meta name=\"robots\" content=\"index, follow, max-snippet:-1, max-image-preview:large, max-video-preview:-1\" \/>\n<link rel=\"canonical\" href=\"https:\/\/www.danielesciarotta.it\/ru\/\u043a\u0430\u043f\u043e\u043d\u0430\u0442\u0430-\u0441\u0438\u0446\u0438\u043b\u0438\u0430\u043d\u0441\u043a\u0430\u044f\/\" \/>\n<!-- \/ Yoast SEO Premium plugin. -->","yoast_head_json":{"title":"\u0418\u0434\u0435\u0430\u043b\u044c\u043d\u044b\u0439 \u0440\u0435\u0446\u0435\u043f\u0442 \u0441\u0438\u0446\u0438\u043b\u0438\u0439\u0441\u043a\u043e\u0439 \u043a\u0430\u043f\u043e\u043d\u0430\u0442\u044b: \u043d\u0435\u0432\u0435\u0440\u043e\u044f\u0442\u043d\u043e\u0435 \u0441\u0438\u0446\u0438\u043b\u0438\u0439\u0441\u043a\u043e\u0435 \u0431\u043b\u044e\u0434\u043e - \u0414\u0430\u043d\u0438\u044d\u043b\u0435 \u0428\u0430\u0440\u043e\u0442\u0442\u0430","description":"\u041f\u0440\u0438\u0433\u043e\u0442\u043e\u0432\u044c\u0442\u0435 \u0441\u0438\u0446\u0438\u043b\u0438\u0439\u0441\u043a\u0443\u044e \u043a\u0430\u043f\u043e\u043d\u0430\u0442\u0443 \u2013 \u043e\u0447\u0435\u043d\u044c \u0430\u0440\u043e\u043c\u0430\u0442\u043d\u043e\u0435 \u0438 \u0432\u043a\u0443\u0441\u043d\u043e\u0435 \u0442\u0440\u0430\u0434\u0438\u0446\u0438\u043e\u043d\u043d\u043e\u0435 \u0441\u0438\u0446\u0438\u043b\u0438\u0439\u0441\u043a\u043e\u0435 \u0431\u043b\u044e\u0434\u043e. \u0421\u043c\u0435\u0441\u044c \u0441\u043b\u0430\u0434\u043a\u0438\u0445 \u0438 \u043f\u0438\u043a\u0430\u043d\u0442\u043d\u044b\u0445 \u0432\u043a\u0443\u0441\u043e\u0432, \u043a\u043e\u0442\u043e\u0440\u0430\u044f \u043f\u043e\u0434\u0430\u0440\u0438\u0442 \u0432\u043e\u0441\u0445\u0438\u0442\u0438\u0442\u0435\u043b\u044c\u043d\u044b\u0435 \u0430\u0440\u043e\u043c\u0430\u0442\u044b!","robots":{"index":"index","follow":"follow","max-snippet":"max-snippet:-1","max-image-preview":"max-image-preview:large","max-video-preview":"max-video-preview:-1"},"canonical":"https:\/\/www.danielesciarotta.it\/ru\/\u043a\u0430\u043f\u043e\u043d\u0430\u0442\u0430-\u0441\u0438\u0446\u0438\u043b\u0438\u0430\u043d\u0441\u043a\u0430\u044f\/","schema":{"@context":"https:\/\/schema.org","@graph":[{"@type":"BreadcrumbList","@id":"https:\/\/www.danielesciarotta.it\/caponata-siciliana#breadcrumb","itemListElement":[{"@type":"ListItem","position":1,"name":"Home","item":"https:\/\/www.danielesciarotta.it\/en\/"},{"@type":"ListItem","position":2,"name":"Caponata Siciliana"}]}]}},"_links":{"self":[{"href":"https:\/\/www.danielesciarotta.it\/ru\/wp-json\/wp\/v2\/pages\/21","targetHints":{"allow":["GET"]}}],"collection":[{"href":"https:\/\/www.danielesciarotta.it\/ru\/wp-json\/wp\/v2\/pages"}],"about":[{"href":"https:\/\/www.danielesciarotta.it\/ru\/wp-json\/wp\/v2\/types\/page"}],"author":[{"embeddable":true,"href":"https:\/\/www.danielesciarotta.it\/ru\/wp-json\/wp\/v2\/users\/1"}],"replies":[{"embeddable":true,"href":"https:\/\/www.danielesciarotta.it\/ru\/wp-json\/wp\/v2\/comments?post=21"}],"version-history":[{"count":7,"href":"https:\/\/www.danielesciarotta.it\/ru\/wp-json\/wp\/v2\/pages\/21\/revisions"}],"predecessor-version":[{"id":5053,"href":"https:\/\/www.danielesciarotta.it\/ru\/wp-json\/wp\/v2\/pages\/21\/revisions\/5053"}],"wp:featuredmedia":[{"embeddable":true,"href":"https:\/\/www.danielesciarotta.it\/ru\/wp-json\/wp\/v2\/media\/5048"}],"wp:attachment":[{"href":"https:\/\/www.danielesciarotta.it\/ru\/wp-json\/wp\/v2\/media?parent=21"}],"curies":[{"name":"WP","href":"https:\/\/api.w.org\/{rel}","templated":true}]}}