{"id":21,"date":"2020-08-17T18:57:30","date_gmt":"2020-08-17T16:57:30","guid":{"rendered":"https:\/\/www.danielesciarotta.it\/?page_id=21"},"modified":"2024-01-29T18:56:37","modified_gmt":"2024-01-29T17:56:37","slug":"caponata-siciliana","status":"publish","type":"page","link":"https:\/\/www.danielesciarotta.it\/ja\/\u30ab\u30dd\u30ca\u30fc\u30bf-\u30b7\u30c1\u30ea\u30a2\u30fc\u30ca","title":{"rendered":"\u30ab\u30dd\u30ca\u30fc\u30bf \u30b7\u30c1\u30ea\u30a2\u30fc\u30ca"},"content":{"rendered":"<p>\u30b7\u30c1\u30ea\u30a2\u306e\u30ab\u30dd\u30ca\u30fc\u30bf\u306f\u3001\u30a4\u30bf\u30ea\u30a2\u6599\u7406\u3067\u975e\u5e38\u306b\u4eba\u6c17\u306e\u3042\u308b\u4f1d\u7d71\u7684\u306a\u30b7\u30c1\u30ea\u30a2\u306e\u30ca\u30b9\u6599\u7406\u3067\u3059\u3002\u901a\u5e38\u3001\u30ca\u30b9\u3001\u30c8\u30de\u30c8\u3001\u30bb\u30ed\u30ea\u3001\u30aa\u30ea\u30fc\u30d6\u3001\u30b1\u30c3\u30d1\u30fc\u304c\u542b\u307e\u308c\u308b\u3001\u98a8\u5473\u8c4a\u304b\u3067\u7518\u3044\u91ce\u83dc\u306e\u30b7\u30c1\u30e5\u30fc\u3067\u3059\u3002\u3053\u306e\u6599\u7406\u306f\u3001\u30c8\u30de\u30c8\u3068\u30ec\u30fc\u30ba\u30f3\u306e\u7518\u307f\u3068\u9162\u306e\u9178\u5473\u3001\u30aa\u30ea\u30fc\u30d6\u3068\u30b1\u30c3\u30d1\u30fc\u306e\u5869\u6c17\u3092\u7d44\u307f\u5408\u308f\u305b\u305f\u3001\u8c4a\u304b\u3067\u8907\u96d1\u306a\u5473\u308f\u3044\u3067\u77e5\u3089\u308c\u3066\u3044\u307e\u3059\u3002<\/p>\n\n\n\n<figure class=\"wp-block-image size-full\"><img loading=\"lazy\" decoding=\"async\" width=\"861\" height=\"858\" src=\"https:\/\/www.danielesciarotta.it\/wp-content\/uploads\/2024\/01\/caponata_siciliana.png\" alt=\"\u30ab\u30dd\u30ca\u30fc\u30bf \u30b7\u30c1\u30ea\u30a2\u30fc\u30ca\" class=\"wp-image-5048\" srcset=\"https:\/\/www.danielesciarotta.it\/wp-content\/uploads\/2024\/01\/caponata_siciliana.png 861w, https:\/\/www.danielesciarotta.it\/wp-content\/uploads\/2024\/01\/caponata_siciliana-300x300.png 300w, https:\/\/www.danielesciarotta.it\/wp-content\/uploads\/2024\/01\/caponata_siciliana-150x150.png 150w, https:\/\/www.danielesciarotta.it\/wp-content\/uploads\/2024\/01\/caponata_siciliana-768x765.png 768w, https:\/\/www.danielesciarotta.it\/wp-content\/uploads\/2024\/01\/caponata_siciliana-12x12.png 12w, https:\/\/www.danielesciarotta.it\/wp-content\/uploads\/2024\/01\/caponata_siciliana-65x65.png 65w, https:\/\/www.danielesciarotta.it\/wp-content\/uploads\/2024\/01\/caponata_siciliana-250x250.png 250w, https:\/\/www.danielesciarotta.it\/wp-content\/uploads\/2024\/01\/caponata_siciliana-345x345.png 345w, https:\/\/www.danielesciarotta.it\/wp-content\/uploads\/2024\/01\/caponata_siciliana-320x320.png 320w, https:\/\/www.danielesciarotta.it\/wp-content\/uploads\/2024\/01\/caponata_siciliana-90x90.png 90w\" sizes=\"auto, (max-width: 861px) 100vw, 861px\" \/><figcaption class=\"wp-element-caption\">\u30ab\u30dd\u30ca\u30fc\u30bf \u30b7\u30c1\u30ea\u30a2\u30fc\u30ca<\/figcaption><\/figure>\n\n\n\n<p>\u30ab\u30dd\u30ca\u30fc\u30bf\u30fb\u30b7\u30c1\u30ea\u30a2\u30fc\u30ca:<\/p>\n\n\n\n<p>\u6750\u6599\uff1a<\/p>\n\n\n\n<ul class=\"wp-block-list\">\n<li>\u5927\u304d\u306a\u30ca\u30b9 1 \u500b\uff08\u3055\u3044\u306e\u76ee\u5207\u308a\uff09<\/li>\n\n\n\n<li>\u5869 \u5927\u3055\u30582<\/li>\n\n\n\n<li>\u30aa\u30ea\u30fc\u30d6\u30aa\u30a4\u30eb 1\/2\u30ab\u30c3\u30d7<\/li>\n\n\n\n<li>\u7389\u306d\u304e 1\u500b\uff08\u7d30\u304b\u304f\u307f\u3058\u3093\u5207\u308a\uff09<\/li>\n\n\n\n<li>\u30bb\u30ed\u30ea\u30b9\u30c6\u30a3\u30c3\u30af 2\u672c\uff08\u307f\u3058\u3093\u5207\u308a\uff09<\/li>\n\n\n\n<li>\u89d2\u5207\u308a\u30c8\u30de\u30c8 1 \u7f36\uff08\u6c34\u6c17\u3092\u5207\u308b\uff09<\/li>\n\n\n\n<li>\u30c8\u30de\u30c8\u30da\u30fc\u30b9\u30c8 1\/3\u30ab\u30c3\u30d7<\/li>\n\n\n\n<li>\u8d64\u30ef\u30a4\u30f3\u30d3\u30cd\u30ac\u30fc 1\/4\u30ab\u30c3\u30d7<\/li>\n\n\n\n<li>\u7802\u7cd6 \u5927\u3055\u30582<\/li>\n\n\n\n<li>\u30b1\u30c3\u30d1\u30fc 1\/4 \u30ab\u30c3\u30d7\uff08\u3059\u3059\u3044\u3067\u304f\u3060\u3055\u3044\uff09<\/li>\n\n\n\n<li>\u7a2e\u3092\u53d6\u308a\u9664\u304d\u3001\u30b9\u30e9\u30a4\u30b9\u3057\u305f\u30b0\u30ea\u30fc\u30f3\u30aa\u30ea\u30fc\u30d6 1\/2 \u30ab\u30c3\u30d7<\/li>\n\n\n\n<li>\u30c8\u30fc\u30b9\u30c8\u3057\u305f\u677e\u306e\u5b9f \u5927\u3055\u30582<\/li>\n\n\n\n<li>\u30ec\u30fc\u30ba\u30f3 \u5927\u3055\u30582<\/li>\n\n\n\n<li>\u5869\u3068\u30b3\u30b7\u30e7\u30a6\u306e\u5473<\/li>\n\n\n\n<li>\u98fe\u308a\u7528\u306e\u30d5\u30ec\u30c3\u30b7\u30e5\u30d0\u30b8\u30eb\u307e\u305f\u306f\u30d1\u30bb\u30ea<\/li>\n<\/ul>\n\n\n\n<p>\u8aac\u660e\u66f8\uff1a<\/p>\n\n\n\n<ol class=\"wp-block-list\">\n<li>\u89d2\u5207\u308a\u306b\u3057\u305f\u8304\u5b50\u3092\u30b6\u30eb\u306b\u5165\u308c\u3001\u5869\u3092\u307e\u3076\u3057\u306630\u5206\u307b\u3069\u4f11\u307e\u305b\u308b\u3002\u3053\u3046\u3059\u308b\u3053\u3068\u3067\u3001\u30ca\u30b9\u304b\u3089\u4f59\u5206\u306a\u6c34\u5206\u3068\u82e6\u5473\u304c\u53d6\u308a\u9664\u304b\u308c\u307e\u3059\u3002<\/li>\n\n\n\n<li>\u8304\u5b50\u3092\u3088\u304f\u6d17\u3044\u3001\u5438\u53ce\u7d19\u3067\u4e7e\u304b\u3057\u307e\u3059\u3002<\/li>\n\n\n\n<li>\u5927\u304d\u3081\u306e\u30d5\u30e9\u30a4\u30d1\u30f3\u307e\u305f\u306f\u30d5\u30e9\u30a4\u30d1\u30f3\u306b\u30aa\u30ea\u30fc\u30d6\u30aa\u30a4\u30eb\u3092\u5165\u308c\u3066\u4e2d\u706b\u3067\u52a0\u71b1\u3057\u307e\u3059\u3002\u89d2\u5207\u308a\u306b\u3057\u305f\u8304\u5b50\u3092\u52a0\u3048\u3001\u304d\u3064\u306d\u8272\u306b\u306a\u308a\u67d4\u3089\u304b\u304f\u306a\u308b\u307e\u3067\u716e\u307e\u3059\u3002\u30ca\u30b9\u3092\u934b\u304b\u3089\u53d6\u308a\u51fa\u3057\u3001\u8107\u306b\u7f6e\u304d\u307e\u3059\u3002<\/li>\n\n\n\n<li>\u540c\u3058\u30d5\u30e9\u30a4\u30d1\u30f3\u306b\u3001\u5fc5\u8981\u306b\u5fdc\u3058\u3066\u30aa\u30ea\u30fc\u30d6\u30aa\u30a4\u30eb\u3092\u8ffd\u52a0\u3057\u307e\u3059\u3002\u307f\u3058\u3093\u5207\u308a\u306e\u7389\u306d\u304e\u3068\u30bb\u30ed\u30ea\u3092\u3057\u3093\u306a\u308a\u3059\u308b\u307e\u3067\u7092\u3081\u307e\u3059\u3002<\/li>\n\n\n\n<li>\u89d2\u5207\u308a\u30c8\u30de\u30c8\u3001\u30c8\u30de\u30c8\u30da\u30fc\u30b9\u30c8\u3001\u8d64\u30ef\u30a4\u30f3\u30d3\u30cd\u30ac\u30fc\u3001\u7802\u7cd6\u3092\u52a0\u3048\u3066\u6df7\u305c\u307e\u3059\u3002\u6df7\u5408\u7269\u304c\u6fc3\u304f\u306a\u308b\u307e\u3067\u6570\u5206\u9593\u716e\u307e\u3059\u3002<\/li>\n\n\n\n<li>\u8abf\u7406\u3057\u305f\u30ca\u30b9\u3092\u30b1\u30c3\u30d1\u30fc\u3001\u30aa\u30ea\u30fc\u30d6\u3001\u677e\u306e\u5b9f\u3001\u30ec\u30fc\u30ba\u30f3\u3068\u4e00\u7dd2\u306b\u934b\u306b\u623b\u3057\u307e\u3059\u3002\u3088\u304f\u6df7\u305c\u306610\u301c15\u5206\u307b\u3069\u716e\u3066\u3001\u5473\u3092\u306a\u3058\u307e\u305b\u307e\u3059\u3002<\/li>\n\n\n\n<li>\u5869\u3068\u30b3\u30b7\u30e7\u30a6\u3067\u5473\u3092\u8abf\u3048\u307e\u3059\u3002\u30ab\u30dd\u30ca\u30fc\u30bf\u304c\u9178\u6027\u3059\u304e\u308b\u5834\u5408\u306f\u3001\u7802\u7cd6\u3092\u5c11\u3057\u52a0\u3048\u3066\u304f\u3060\u3055\u3044\u3002<\/li>\n\n\n\n<li>\u30ab\u30dd\u30ca\u30fc\u30bf\u304c\u6fc3\u539a\u306b\u306a\u308a\u3001\u5473\u304c\u6df7\u3056\u3063\u305f\u3089\u706b\u304b\u3089\u4e0b\u308d\u3057\u3001\u5ba4\u6e29\u307e\u3067\u51b7\u307e\u3057\u307e\u3059\u3002<\/li>\n\n\n\n<li>\u30b7\u30c1\u30ea\u30a2\u306e\u30ab\u30dd\u30ca\u30fc\u30bf\u3092\u5ba4\u6e29\u3067\u3001\u65b0\u9bae\u306a\u30d0\u30b8\u30eb\u307e\u305f\u306f\u30d1\u30bb\u30ea\u3092\u6dfb\u3048\u3066\u304a\u53ec\u3057\u4e0a\u304c\u308a\u304f\u3060\u3055\u3044\u3002<\/li>\n<\/ol>\n\n\n\n<hr class=\"wp-block-separator has-alpha-channel-opacity\"\/>\n\n\n\n<p>\u30b7\u30c1\u30ea\u30a2\u306e\u30ab\u30dd\u30ca\u30fc\u30bf\u306f\u3001\u524d\u83dc\u3001\u30b5\u30a4\u30c9\u30c7\u30a3\u30c3\u30b7\u30e5\u3001\u307e\u305f\u306f\u5805\u3044\u30d1\u30f3\u306e\u30c8\u30c3\u30d4\u30f3\u30b0\u3068\u3057\u3066\u63d0\u4f9b\u3055\u308c\u308b\u3053\u3068\u304c\u3088\u304f\u3042\u308a\u307e\u3059\u3002\u305d\u306e\u307e\u307e\u3067\u3082\u7f8e\u5473\u3057\u304f\u3044\u305f\u3060\u3051\u307e\u3059\u304c\u3001\u6570\u6642\u9593\u304b\u3089\u4e00\u6669\u6f2c\u3051\u8fbc\u3080\u3068\u98a8\u5473\u304c\u5897\u3059\u3053\u3068\u3082\u77e5\u3089\u308c\u3066\u3044\u307e\u3059\u3002<\/p>","protected":false},"excerpt":{"rendered":"<p>La Caponata Siciliana \u00e8 un piatto tradizionale siciliano di melanzane molto popolare nella cucina italiana. \u00c8 uno stufato di verdure salato e dolce che tipicamente include melanzane, pomodori, sedano, olive e capperi. Il piatto \u00e8 noto per i suoi sapori ricchi e complessi, che uniscono la dolcezza dei pomodori e dell&#8217;uvetta con la sapidit\u00e0 dell&#8217;aceto e la salsedine di olive e capperi. Caponata Siciliana: Ingredienti: Istruzioni: La Caponata Siciliana viene spesso servita come antipasto, contorno o anche come condimento per il pane croccante. Pu\u00f2 essere gustato subito ma \u00e8 anche noto che migliora il sapore se lasciato marinare per alcune ore o durante la notte.<\/p>","protected":false},"author":1,"featured_media":5048,"parent":0,"menu_order":0,"comment_status":"closed","ping_status":"closed","template":"","meta":{"footnotes":""},"class_list":["post-21","page","type-page","status-publish","has-post-thumbnail","hentry"],"yoast_head":"<!-- This site is optimized with the Yoast SEO Premium plugin v23.5 (Yoast SEO v26.5) - https:\/\/yoast.com\/wordpress\/plugins\/seo\/ -->\n<title>Ricetta Perfetta per Caponata Siciliana: Pietanza Siciliana Incredibile - Daniele Sciarotta<\/title>\n<meta name=\"description\" content=\"Prepara la Caponata Siciliana, un piatto siculo tradizionale molto profumato e saporito. Un mix di sapori dolci e salati che regaleranno aromi deliziosi!\" \/>\n<meta name=\"robots\" content=\"index, follow, max-snippet:-1, max-image-preview:large, max-video-preview:-1\" \/>\n<link rel=\"canonical\" href=\"https:\/\/www.danielesciarotta.it\/ja\/\u30ab\u30dd\u30ca\u30fc\u30bf-\u30b7\u30c1\u30ea\u30a2\u30fc\u30ca\/\" \/>\n<!-- \/ Yoast SEO Premium plugin. -->","yoast_head_json":{"title":"\u30b7\u30c1\u30ea\u30a2\u306e\u30ab\u30dd\u30ca\u30fc\u30bf\u306e\u5b8c\u74a7\u306a\u30ec\u30b7\u30d4: \u4fe1\u3058\u3089\u308c\u306a\u3044\u307b\u3069\u306e\u30b7\u30c1\u30ea\u30a2\u6599\u7406 - Daniele Sciarotta","description":"\u975e\u5e38\u306b\u9999\u308a\u9ad8\u304f\u304a\u3044\u3057\u3044\u4f1d\u7d71\u7684\u306a\u30b7\u30c1\u30ea\u30a2\u6599\u7406\u3001\u30b7\u30c1\u30ea\u30a2\u306e\u30ab\u30dd\u30ca\u30fc\u30bf\u3092\u6e96\u5099\u3057\u307e\u3059\u3002\u7518\u3044\u9999\u308a\u3068\u65e8\u5473\u306e\u3042\u308b\u9999\u308a\u304c\u6df7\u3056\u308a\u5408\u3063\u3066\u3001\u304a\u3044\u3057\u3044\u9999\u308a\u304c\u5e83\u304c\u308a\u307e\u3059\uff01","robots":{"index":"index","follow":"follow","max-snippet":"max-snippet:-1","max-image-preview":"max-image-preview:large","max-video-preview":"max-video-preview:-1"},"canonical":"https:\/\/www.danielesciarotta.it\/ja\/\u30ab\u30dd\u30ca\u30fc\u30bf-\u30b7\u30c1\u30ea\u30a2\u30fc\u30ca\/","schema":{"@context":"https:\/\/schema.org","@graph":[{"@type":"BreadcrumbList","@id":"https:\/\/www.danielesciarotta.it\/caponata-siciliana#breadcrumb","itemListElement":[{"@type":"ListItem","position":1,"name":"Home","item":"https:\/\/www.danielesciarotta.it\/en\/"},{"@type":"ListItem","position":2,"name":"Caponata Siciliana"}]}]}},"_links":{"self":[{"href":"https:\/\/www.danielesciarotta.it\/ja\/wp-json\/wp\/v2\/pages\/21","targetHints":{"allow":["GET"]}}],"collection":[{"href":"https:\/\/www.danielesciarotta.it\/ja\/wp-json\/wp\/v2\/pages"}],"about":[{"href":"https:\/\/www.danielesciarotta.it\/ja\/wp-json\/wp\/v2\/types\/page"}],"author":[{"embeddable":true,"href":"https:\/\/www.danielesciarotta.it\/ja\/wp-json\/wp\/v2\/users\/1"}],"replies":[{"embeddable":true,"href":"https:\/\/www.danielesciarotta.it\/ja\/wp-json\/wp\/v2\/comments?post=21"}],"version-history":[{"count":7,"href":"https:\/\/www.danielesciarotta.it\/ja\/wp-json\/wp\/v2\/pages\/21\/revisions"}],"predecessor-version":[{"id":5053,"href":"https:\/\/www.danielesciarotta.it\/ja\/wp-json\/wp\/v2\/pages\/21\/revisions\/5053"}],"wp:featuredmedia":[{"embeddable":true,"href":"https:\/\/www.danielesciarotta.it\/ja\/wp-json\/wp\/v2\/media\/5048"}],"wp:attachment":[{"href":"https:\/\/www.danielesciarotta.it\/ja\/wp-json\/wp\/v2\/media?parent=21"}],"curies":[{"name":"wp","href":"https:\/\/api.w.org\/{rel}","templated":true}]}}