{"id":64,"date":"2017-01-17T13:14:41","date_gmt":"2017-01-17T13:14:41","guid":{"rendered":"http:\/\/anthemes.com\/themes\/food\/?page_id=64"},"modified":"2021-08-23T19:20:14","modified_gmt":"2021-08-23T17:20:14","slug":"home","status":"publish","type":"page","link":"https:\/\/www.danielesciarotta.it\/es\/","title":{"rendered":"M\u00fasica para la comida :)"},"content":{"rendered":"","protected":false},"excerpt":{"rendered":"","protected":false},"author":1,"featured_media":2897,"parent":0,"menu_order":0,"comment_status":"closed","ping_status":"closed","template":"template-home.php","meta":{"footnotes":""},"class_list":["post-64","page","type-page","status-publish","has-post-thumbnail","hentry"],"yoast_head":"<!-- This site is optimized with the Yoast SEO Premium plugin v23.5 (Yoast SEO v26.5) - https:\/\/yoast.com\/wordpress\/plugins\/seo\/ -->\n<title>Musica al cibo :) - Daniele Sciarotta<\/title>\n<meta name=\"description\" content=\"Daniele Sciarotta \u00e8 un Food blogger italiano. Degustatore di cibi e vino da molti anni, oggi, ha impreziosito la sua passione con il suo sito.\" \/>\n<meta name=\"robots\" content=\"index, follow, max-snippet:-1, max-image-preview:large, max-video-preview:-1\" \/>\n<link rel=\"canonical\" href=\"https:\/\/www.danielesciarotta.it\/es\/\" \/>\n<!-- \/ Yoast SEO Premium plugin. -->","yoast_head_json":{"title":"M\u00fasica para la comida :) - Daniele Sciarotta","description":"Daniele Sciarotta es una bloguera gastron\u00f3mica italiana. Catador gastron\u00f3mico y enol\u00f3gico desde hace muchos a\u00f1os, hoy ha embellecido su pasi\u00f3n con su sitio web.","robots":{"index":"index","follow":"follow","max-snippet":"max-snippet:-1","max-image-preview":"max-image-preview:large","max-video-preview":"max-video-preview:-1"},"canonical":"https:\/\/www.danielesciarotta.it\/es\/","schema":{"@context":"https:\/\/schema.org","@graph":[{"@type":"BreadcrumbList","@id":"https:\/\/www.danielesciarotta.it\/en\/#breadcrumb","itemListElement":[{"@type":"ListItem","position":1,"name":"Home","item":"https:\/\/www.danielesciarotta.it\/en\/"},{"@type":"ListItem","position":2,"name":"Musica al cibo :)"}]}]}},"_links":{"self":[{"href":"https:\/\/www.danielesciarotta.it\/es\/wp-json\/wp\/v2\/pages\/64","targetHints":{"allow":["GET"]}}],"collection":[{"href":"https:\/\/www.danielesciarotta.it\/es\/wp-json\/wp\/v2\/pages"}],"about":[{"href":"https:\/\/www.danielesciarotta.it\/es\/wp-json\/wp\/v2\/types\/page"}],"author":[{"embeddable":true,"href":"https:\/\/www.danielesciarotta.it\/es\/wp-json\/wp\/v2\/users\/1"}],"replies":[{"embeddable":true,"href":"https:\/\/www.danielesciarotta.it\/es\/wp-json\/wp\/v2\/comments?post=64"}],"version-history":[{"count":10,"href":"https:\/\/www.danielesciarotta.it\/es\/wp-json\/wp\/v2\/pages\/64\/revisions"}],"predecessor-version":[{"id":2896,"href":"https:\/\/www.danielesciarotta.it\/es\/wp-json\/wp\/v2\/pages\/64\/revisions\/2896"}],"wp:featuredmedia":[{"embeddable":true,"href":"https:\/\/www.danielesciarotta.it\/es\/wp-json\/wp\/v2\/media\/2897"}],"wp:attachment":[{"href":"https:\/\/www.danielesciarotta.it\/es\/wp-json\/wp\/v2\/media?parent=64"}],"curies":[{"name":"gracias","href":"https:\/\/api.w.org\/{rel}","templated":true}]}}