{"id":162,"date":"2017-01-18T17:33:45","date_gmt":"2017-01-18T17:33:45","guid":{"rendered":"http:\/\/anthemes.com\/themes\/food\/?page_id=162"},"modified":"2017-01-18T17:33:45","modified_gmt":"2017-01-18T17:33:45","slug":"upload","status":"publish","type":"page","link":"https:\/\/www.danielesciarotta.it\/de\/hochladen","title":{"rendered":"Hochladen"},"content":{"rendered":"<p>Bei Einreichungen wird automatisch ein Beitrag unter \u201eAusstehend\u201c erstellt. Sie k\u00f6nnen \u201e<strong>Sofort ver\u00f6ffentlichen \/ Ausstehend \/ Entwurf oder Privat<\/strong>\u201d-Status, damit Administratoren das Element \u00fcberpr\u00fcfen k\u00f6nnen, bevor es auf der Website angezeigt wird.<br \/>\n<div class=\"ap-form-wrapper\"><h2>Post<\/h2><form method=\"post\" action=\"\" enctype=\"multipart\/form-data\" class=\"ap-form-wrapper\" onsubmit=\"return check_form_submittable()\" data-trp-original-action=\"\">\r\n                <div class=\"ap-form-field-wrapper\">\r\n                  <label>Post Title<\/label>\r\n                  <div class=\"ap-form-field\"><input type=\"text\" name=\"ap_form_post_title\" class=\"ap-required-field\" data-required-message=\"\"\/><\/div><div class=\"ap-form-error-message\"><\/div><\/div><!--ap-form-field-wrapper-->\r\n                <div class=\"ap-form-field-wrapper\">\r\n                <input type=\"hidden\" id=\"ap-editor-type\" value=\"rich\"\/>\r\n                  <label>Post Content<\/label>\r\n                  <div class=\"ap-form-field\"><div id=\"wp-ap_form_content_editor-wrap\" class=\"wp-core-ui wp-editor-wrap tmce-active\"><link rel='stylesheet' id='dashicons-css' href='https:\/\/www.danielesciarotta.it\/wp-includes\/css\/dashicons.min.css?ver=2e3817fa8aecb06aafcc8817315d42ff' type='text\/css' media='all' \/>\n<link rel='stylesheet' id='editor-buttons-css' href='https:\/\/www.danielesciarotta.it\/wp-includes\/css\/editor.min.css?ver=2e3817fa8aecb06aafcc8817315d42ff' type='text\/css' media='all' \/>\n<div id=\"wp-ap_form_content_editor-editor-tools\" class=\"wp-editor-tools hide-if-no-js\"><div class=\"wp-editor-tabs\"><button type=\"button\" id=\"ap_form_content_editor-tmce\" aria-pressed=\"true\" class=\"wp-switch-editor switch-tmce\" data-wp-editor-id=\"ap_form_content_editor\">Visuell<\/button>\n<button type=\"button\" id=\"ap_form_content_editor-html\" class=\"wp-switch-editor switch-html\" data-wp-editor-id=\"ap_form_content_editor\">Code<\/button>\n<\/div>\n<\/div>\n<div id=\"wp-ap_form_content_editor-editor-container\" class=\"wp-editor-container\"><div id=\"qt_ap_form_content_editor_toolbar\" class=\"quicktags-toolbar hide-if-no-js\"><\/div><textarea class=\"ap-form-content-editor wp-editor-area\" rows=\"0\" autocomplete=\"off\" cols=\"40\" name=\"ap_form_content_editor\" id=\"ap_form_content_editor\"><\/textarea><\/div>\n<\/div>\n\n<\/div><div class=\"ap-form-error-message ap-content-error-message\" data-required-message=\"\"><\/div><\/div><!--ap-form-field-wrapper--><div class=\"ap-form-field-wrapper\">\r\n                        <label>Tags (Use comma to add multiple tags)<\/label>\r\n                        <div class=\"ap-form-field\">\r\n                          <input type=\"text\" name=\"post_tag_taxonomy\"  data-required-message=\"\"\/>\r\n                        <\/div><!--ap-form-field-->\r\n                        <div class=\"ap-form-error-message\"><\/div>\r\n                    <\/div><!--ap-form-field-wrapper--><div class=\"ap-form-field-wrapper\">\r\n                <label>Author Name<\/label>\r\n                <div class=\"ap-form-field\">\r\n                   <input type=\"text\" name=\"ap_author_name\"  data-required-message=\"\" value=\"\"\/> \r\n                <\/div><!--ap-form-field-->\r\n                <div class=\"ap-form-error-message\"><\/div>\r\n             <\/div><!--ap-form-field-wrapper--><div class=\"ap-form-field-wrapper\">\r\n                <label>Author Email<\/label>\r\n                <div class=\"ap-form-field\">\r\n                   <input type=\"email\" name=\"ap_author_email\"  data-required-message=\"\" value=\"\"\/> \r\n                <\/div><!--ap-form-field-->\r\n                <div class=\"ap-form-error-message\"><\/div>\r\n             <\/div><!--ap-form-field-wrapper--><div class=\"ap-form-field-wrapper\">\r\n              <label>Human Check<\/label>\r\n              <div class=\"ap-form-field math-captcha\">\r\n                <span class=\"ap-captcha-first-num\">8<\/span>+<span class=\"ap-captcha-second-num\">9<\/span>=<input type=\"text\" name=\"ap_captcha_result\" id=\"ap-captcha-result\" placeholder=\"Enter Sum\" class=\"ap-required-field\" data-required-message=\"This field is required\">\r\n                <input type=\"hidden\" name=\"ap_num1\" value=\"8\"\/>\r\n                <input type=\"hidden\" name=\"ap_num2\" value=\"9\"\/>\r\n              <\/div>\r\n              <div class=\"ap-form-error-message ap-captcha-error-msg\" data-captcha-error-msg=\"\"><\/div> \r\n            <\/div><!--ap-form-field-wrapper--><div class=\"ap-form-field-wrapper\">\r\n           <div class=\"ap-form-field ap-form-submit-wrapper\">\r\n             <input type=\"submit\" class=\"ap-form-submit-button\" value=\"Submit Post\" name=\"ap_form_submit_btn\"\/>\r\n           <\/div>\r\n         <\/div><input type=\"hidden\" id=\"ap_form_nonce\" name=\"ap_form_nonce\" value=\"967cd9b86a\" \/><input type=\"hidden\" name=\"_wp_http_referer\" value=\"\/de\/wp-json\/wp\/v2\/pages\/162\" \/><input type=\"hidden\" value=\"https:\/\/www.danielesciarotta.it:443\/de\/wp-json\/wp\/v2\/pages\/162\" name=\"redirect_url\"\/><input type=\"hidden\" value=\"1\" class=\"ap-captcha-flag\"\/><input type=\"hidden\" value=\"math\" class=\"ap-captcha-type\"\/><input type=\"hidden\" name=\"trp-form-language\" value=\"de\"\/><\/form><\/div><!--ap-form--><\/p>","protected":false},"excerpt":{"rendered":"<p>Durch Einreichungen wird automatisch ein Beitrag mit dem Status \u201eAusstehend\u201c erstellt. Sie k\u00f6nnen den Status \u201eSofort ver\u00f6ffentlichen \/ Ausstehend \/ Entwurf oder Privat\u201c ausw\u00e4hlen, damit Administratoren den Artikel \u00fcberpr\u00fcfen k\u00f6nnen, bevor er auf der Website erscheint. [AP-Formular]<\/p>","protected":false},"author":1,"featured_media":0,"parent":0,"menu_order":0,"comment_status":"closed","ping_status":"closed","template":"","meta":{"footnotes":""},"class_list":["post-162","page","type-page","status-publish","hentry"],"yoast_head":"<!-- This site is optimized with the Yoast SEO Premium plugin v23.5 (Yoast SEO v26.5) - https:\/\/yoast.com\/wordpress\/plugins\/seo\/ -->\n<title>Upload - Daniele Sciarotta<\/title>\n<meta name=\"robots\" content=\"index, follow, max-snippet:-1, max-image-preview:large, max-video-preview:-1\" \/>\n<link rel=\"canonical\" href=\"https:\/\/www.danielesciarotta.it\/de\/hochladen\/\" \/>\n<!-- \/ Yoast SEO Premium plugin. -->","yoast_head_json":{"title":"Hochladen - Daniele Sciarotta","robots":{"index":"index","follow":"follow","max-snippet":"max-snippet:-1","max-image-preview":"max-image-preview:large","max-video-preview":"max-video-preview:-1"},"canonical":"https:\/\/www.danielesciarotta.it\/de\/hochladen\/","schema":{"@context":"https:\/\/schema.org","@graph":[{"@type":"BreadcrumbList","@id":"https:\/\/www.danielesciarotta.it\/it\/upload#breadcrumb","itemListElement":[{"@type":"ListItem","position":1,"name":"Home","item":"https:\/\/www.danielesciarotta.it\/en\/"},{"@type":"ListItem","position":2,"name":"Upload"}]}]}},"_links":{"self":[{"href":"https:\/\/www.danielesciarotta.it\/de\/wp-json\/wp\/v2\/pages\/162","targetHints":{"allow":["GET"]}}],"collection":[{"href":"https:\/\/www.danielesciarotta.it\/de\/wp-json\/wp\/v2\/pages"}],"about":[{"href":"https:\/\/www.danielesciarotta.it\/de\/wp-json\/wp\/v2\/types\/page"}],"author":[{"embeddable":true,"href":"https:\/\/www.danielesciarotta.it\/de\/wp-json\/wp\/v2\/users\/1"}],"replies":[{"embeddable":true,"href":"https:\/\/www.danielesciarotta.it\/de\/wp-json\/wp\/v2\/comments?post=162"}],"version-history":[{"count":0,"href":"https:\/\/www.danielesciarotta.it\/de\/wp-json\/wp\/v2\/pages\/162\/revisions"}],"wp:attachment":[{"href":"https:\/\/www.danielesciarotta.it\/de\/wp-json\/wp\/v2\/media?parent=162"}],"curies":[{"name":"wp","href":"https:\/\/api.w.org\/{rel}","templated":true}]}}